{"id":3139,"date":"2023-01-12T01:17:42","date_gmt":"2023-01-12T01:17:42","guid":{"rendered":"https:\/\/fernandoarcos.com\/FerArcosN\/?page_id=3139"},"modified":"2026-04-05T21:21:46","modified_gmt":"2026-04-05T21:21:46","slug":"website","status":"publish","type":"page","link":"https:\/\/fernandoarcos.com\/FerArcosN\/website\/","title":{"rendered":"website"},"content":{"rendered":"<p>[et_pb_section fb_built=\u00bb1&#8243; _builder_version=\u00bb4.16&#8243; background_color=\u00bb#FFFFFF\u00bb custom_padding=\u00bb117px||102px|||\u00bb top_divider_style=\u00bbwave2&#8243; top_divider_color=\u00bb#021f47&#8243; top_divider_height=\u00bb150px\u00bb top_divider_repeat=\u00bb1x\u00bb top_divider_flip=\u00bbhorizontal\u00bb bottom_divider_style=\u00bbwave2&#8243; bottom_divider_color=\u00bb#002651&#8243; global_colors_info=\u00bb{}\u00bb][et_pb_row column_structure=\u00bb2_5,3_5&#8243; _builder_version=\u00bb4.19.4&#8243; _module_preset=\u00bbdefault\u00bb global_colors_info=\u00bb{}\u00bb][et_pb_column type=\u00bb2_5&#8243; _builder_version=\u00bb4.19.4&#8243; _module_preset=\u00bbdefault\u00bb global_colors_info=\u00bb{}\u00bb][et_pb_text _builder_version=\u00bb4.27.6&#8243; _module_preset=\u00bbdefault\u00bb hover_enabled=\u00bb0&#8243; global_colors_info=\u00bb{}\u00bb sticky_enabled=\u00bb0&#8243;]<\/p>\n<div id=\"pl-40\" class=\"panel-layout\">\n<div id=\"pg-40-0\" class=\"panel-grid panel-no-style\" data-style=\"{&quot;background_image_attachment&quot;:false,&quot;background_display&quot;:&quot;tile&quot;,&quot;cell_alignment&quot;:&quot;flex-start&quot;}\" data-ratio=\"1\" data-ratio-direction=\"right\">\n<div id=\"pgc-40-0-1\" class=\"panel-grid-cell\" data-weight=\"0.3\">\n<div id=\"panel-40-0-1-0\" class=\"so-panel widget widget_black-studio-tinymce widget_black_studio_tinymce panel-first-child panel-last-child\" data-index=\"0\" data-style=\"{&quot;background_image_attachment&quot;:false,&quot;background_display&quot;:&quot;tile&quot;}\">\n<div class=\"textwidget\">\n<p style=\"text-align: right;\"><a title=\"www.greentabs.co\" href=\"https:\/\/www.greentabs.co\/\" target=\"_blank\" rel=\"noopener\">https:\/\/www.greentabs.co\/<\/a><\/p>\n<p style=\"text-align: right;\"><a href=\"https:\/\/www.sandovalpolo.com\/\" target=\"_blank\" rel=\"noopener\">www.sandovalpolo.com<\/a><\/p>\n<p style=\"text-align: right;\"><a href=\"https:\/\/comprotecsa.com\/\" target=\"_blank\" rel=\"noopener\">www.comprotecsa.com<\/a><\/p>\n<p style=\"text-align: right;\"><a href=\"https:\/\/www.jalvarezinmobiliaria.net\/piso\/\" target=\"_blank\" rel=\"noopener\">www.jalvarezinmobiliaria.es<\/a><\/p>\n<p style=\"text-align: right;\"><span style=\"color: #000080;\"><a href=\"https:\/\/lysseguros.com\" target=\"_blank\" rel=\"noopener\">www.lysseguros.com<\/a><\/span><\/p>\n<p style=\"text-align: right;\"><a href=\"https:\/\/bardu.co\/food\/\" target=\"_blank\" rel=\"noopener\">www.bardu.co<\/a><\/p>\n<p style=\"text-align: right;\"><span style=\"color: #000080;\"> <a style=\"color: #000080;\" href=\"http:\/\/astrelec.com\" target=\"_blank\" rel=\"noopener noreferrer\">www.astrelec.com<\/a><\/span><\/p>\n<p style=\"text-align: right;\"><a href=\"https:\/\/systemsuministros.com\/\" target=\"_blank\" rel=\"noopener\"><span style=\"color: #000080;\">www.systemsuministros.com<\/span><\/a><\/p>\n<p style=\"text-align: right;\"><a href=\"https:\/\/www.lavaropas.com\/\" target=\"_blank\" rel=\"noopener\">www.lavaropas.com<\/a><\/p>\n<p style=\"text-align: right;\"><a href=\"https:\/\/www.elitevideojuegos.com\/juegos\/\" target=\"_blank\" rel=\"noopener\">www.elitevideojuegos.com<\/a><\/p>\n<p style=\"text-align: right;\"><span style=\"color: #000080;\"><a style=\"color: #000080;\" href=\"https:\/\/jet-chem.com\/Adhesivos_industriales\/\" target=\"_blank\" rel=\"noopener noreferrer\">www.jet-chem.com<\/a><\/span><\/p>\n<p style=\"text-align: right;\"><span style=\"color: #000080;\"><a style=\"color: #000080;\" href=\"https:\/\/www.lloreda.com.co\/aceite\/\" target=\"_blank\" rel=\"noopener\">www.lloreda.com.co<\/a><\/span><\/p>\n<p style=\"text-align: right;\"><span style=\"color: #000080;\"><a style=\"color: #000080;\" href=\"https:\/\/vallebordados.com\/\" target=\"_blank\" rel=\"noopener noreferrer\">www.vallebordados.com<\/a><\/span><\/p>\n<p style=\"text-align: right;\"><span style=\"color: #000080;\"> <a style=\"color: #000080;\" href=\"http:\/\/equitest.co\/testing\/\" target=\"_blank\" rel=\"noopener noreferrer\">www.equitest.co<\/a><\/span><\/p>\n<p style=\"text-align: right;\"><a href=\"https:\/\/www.alvarezasesoreslegales.com\/\" target=\"_blank\" rel=\"noopener\">www.alvarezasesoreslegales.com<\/a><\/p>\n<p style=\"text-align: right;\"><span style=\"color: #000080;\"><a style=\"color: #000080;\" href=\"https:\/\/maximudanzas.com.co\/\" target=\"_blank\" rel=\"noopener noreferrer\">www.maximudanzas.com.co<\/a><\/span><\/p>\n<p style=\"text-align: right;\"><span style=\"color: #000080;\"><a style=\"color: #000080;\" href=\"http:\/\/vivirmejor.com.co\/VMONA\" target=\"_blank\" rel=\"noopener noreferrer\">www.vivirmejor.com.co<\/a> <\/span><\/p>\n<p class=\"text Estilo1\" style=\"text-align: right;\" align=\"center\"><span style=\"font-family: arial, helvetica, sans-serif; font-size: 14px; color: #c0c0c0;\">All Rights Reserved &#8211; Cali &#8211; Colombia<\/span><\/p>\n<\/div>\n<\/div>\n<\/div>\n<\/div>\n<\/div>\n<p>[\/et_pb_text][\/et_pb_column][et_pb_column type=\u00bb3_5&#8243; _builder_version=\u00bb4.19.4&#8243; _module_preset=\u00bbdefault\u00bb global_colors_info=\u00bb{}\u00bb][et_pb_divider _builder_version=\u00bb4.19.4&#8243; _module_preset=\u00bbdefault\u00bb custom_margin=\u00bb||40px|||\u00bb global_colors_info=\u00bb{}\u00bb][\/et_pb_divider][et_pb_text _builder_version=\u00bb4.19.4&#8243; _module_preset=\u00bbdefault\u00bb custom_margin=\u00bb||80px|||\u00bb global_colors_info=\u00bb{}\u00bb]<\/p>\n<blockquote>\n<p style=\"text-align: left;\">Desarrollamos su pagina web con todos los est\u00e1ndares actuales, dise\u00f1o vanguardista y tecnolog\u00eda de contacto, redes sociales, tiendas Online, acorde a las exigencias actuales. Lo mejor, tratamiento personalizado, exp\u00f3nganos con claridad lo que esta buscando mostrar de su empresa, nosotros desarrollaremos su Web conforme a su imagen corporativa.<\/p>\n<\/blockquote>\n<p>[\/et_pb_text][et_pb_image src=\u00bbhttps:\/\/fernandoarcos.com\/FerArcosN\/wp-content\/uploads\/2021\/09\/Publicidad-FAN-11.jpg\u00bb title_text=\u00bbPublicidad-FAN-11&#8243; _builder_version=\u00bb4.17.3&#8243; _module_preset=\u00bbdefault\u00bb custom_margin=\u00bb|30px||30px|false|false\u00bb custom_padding=\u00bb|30px|0px|30px|false|false\u00bb locked=\u00bboff\u00bb global_colors_info=\u00bb{}\u00bb][\/et_pb_image][\/et_pb_column][\/et_pb_row][\/et_pb_section]<\/p>\n","protected":false},"excerpt":{"rendered":"<p>https:\/\/www.greentabs.co\/ www.sandovalpolo.com www.comprotecsa.com www.jalvarezinmobiliaria.es www.lysseguros.com www.bardu.co www.astrelec.com www.systemsuministros.com www.lavaropas.com www.elitevideojuegos.com www.jet-chem.com www.lloreda.com.co www.vallebordados.com www.equitest.co www.alvarezasesoreslegales.com www.maximudanzas.com.co www.vivirmejor.com.co All Rights Reserved &#8211; Cali &#8211; Colombia Desarrollamos su pagina web con todos los est\u00e1ndares actuales, dise\u00f1o vanguardista y tecnolog\u00eda de contacto, redes sociales, tiendas Online, acorde a las exigencias actuales. Lo mejor, tratamiento personalizado, exp\u00f3nganos con claridad [&hellip;]<\/p>\n","protected":false},"author":1,"featured_media":0,"parent":0,"menu_order":0,"comment_status":"closed","ping_status":"closed","template":"","meta":{"_et_pb_use_builder":"on","_et_pb_old_content":"","_et_gb_content_width":"","_joinchat":[],"footnotes":""},"class_list":["post-3139","page","type-page","status-publish","hentry"],"amp_enabled":true,"_links":{"self":[{"href":"https:\/\/fernandoarcos.com\/FerArcosN\/wp-json\/wp\/v2\/pages\/3139","targetHints":{"allow":["GET"]}}],"collection":[{"href":"https:\/\/fernandoarcos.com\/FerArcosN\/wp-json\/wp\/v2\/pages"}],"about":[{"href":"https:\/\/fernandoarcos.com\/FerArcosN\/wp-json\/wp\/v2\/types\/page"}],"author":[{"embeddable":true,"href":"https:\/\/fernandoarcos.com\/FerArcosN\/wp-json\/wp\/v2\/users\/1"}],"replies":[{"embeddable":true,"href":"https:\/\/fernandoarcos.com\/FerArcosN\/wp-json\/wp\/v2\/comments?post=3139"}],"version-history":[{"count":30,"href":"https:\/\/fernandoarcos.com\/FerArcosN\/wp-json\/wp\/v2\/pages\/3139\/revisions"}],"predecessor-version":[{"id":4513,"href":"https:\/\/fernandoarcos.com\/FerArcosN\/wp-json\/wp\/v2\/pages\/3139\/revisions\/4513"}],"wp:attachment":[{"href":"https:\/\/fernandoarcos.com\/FerArcosN\/wp-json\/wp\/v2\/media?parent=3139"}],"curies":[{"name":"wp","href":"https:\/\/api.w.org\/{rel}","templated":true}]}}